{"id":284,"date":"2025-07-08T13:13:26","date_gmt":"2025-07-08T13:13:26","guid":{"rendered":"https:\/\/schopschakelaar.nl\/?page_id=284"},"modified":"2026-01-28T18:36:44","modified_gmt":"2026-01-28T18:36:44","slug":"home","status":"publish","type":"page","link":"https:\/\/schopschakelaar.nl\/","title":{"rendered":"Homepagina"},"content":{"rendered":"<div id=\"pl-284\"  class=\"panel-layout\" ><div id=\"pg-284-0\"  class=\"panel-grid panel-no-style\" ><div id=\"pgc-284-0-0\"  class=\"panel-grid-cell\" ><div id=\"panel-284-0-0-0\" class=\"so-panel widget widget_sow-image panel-first-child panel-last-child\" data-index=\"0\" ><div\n\t\t\t\n\t\t\tclass=\"so-widget-sow-image so-widget-sow-image-default-8b5b6f678277-284\"\n\t\t\t\n\t\t><h3 class=\"widget-title\">Schopschakelaar voorkant<\/h3>\n<div class=\"sow-image-container\">\n\t\t<img \n\tsrc=\"https:\/\/schopschakelaar.nl\/wp-content\/uploads\/2026\/01\/kickswitch_voor.jpg\" width=\"1920\" height=\"1080\" srcset=\"https:\/\/schopschakelaar.nl\/wp-content\/uploads\/2026\/01\/kickswitch_voor.jpg 1920w, https:\/\/schopschakelaar.nl\/wp-content\/uploads\/2026\/01\/kickswitch_voor-300x169.jpg 300w, https:\/\/schopschakelaar.nl\/wp-content\/uploads\/2026\/01\/kickswitch_voor-1024x576.jpg 1024w, https:\/\/schopschakelaar.nl\/wp-content\/uploads\/2026\/01\/kickswitch_voor-768x432.jpg 768w, https:\/\/schopschakelaar.nl\/wp-content\/uploads\/2026\/01\/kickswitch_voor-1536x864.jpg 1536w, https:\/\/schopschakelaar.nl\/wp-content\/uploads\/2026\/01\/kickswitch_voor-600x338.jpg 600w\" sizes=\"(max-width: 1920px) 100vw, 1920px\" title=\"Schopschakelaar voorkant\" alt=\"\" \t\tclass=\"so-widget-image\"\/>\n\t<\/div>\n\n<\/div><\/div><\/div><div id=\"pgc-284-0-1\"  class=\"panel-grid-cell\" ><div id=\"panel-284-0-1-0\" class=\"so-panel widget widget_sow-image panel-first-child panel-last-child\" data-index=\"1\" ><div\n\t\t\t\n\t\t\tclass=\"so-widget-sow-image so-widget-sow-image-default-8b5b6f678277-284\"\n\t\t\t\n\t\t><h3 class=\"widget-title\">Schopschakelaar achterkant<\/h3>\n<div class=\"sow-image-container\">\n\t\t<img \n\tsrc=\"https:\/\/schopschakelaar.nl\/wp-content\/uploads\/2026\/01\/kickswitch_achter.jpg\" width=\"1920\" height=\"1080\" srcset=\"https:\/\/schopschakelaar.nl\/wp-content\/uploads\/2026\/01\/kickswitch_achter.jpg 1920w, https:\/\/schopschakelaar.nl\/wp-content\/uploads\/2026\/01\/kickswitch_achter-300x169.jpg 300w, https:\/\/schopschakelaar.nl\/wp-content\/uploads\/2026\/01\/kickswitch_achter-1024x576.jpg 1024w, https:\/\/schopschakelaar.nl\/wp-content\/uploads\/2026\/01\/kickswitch_achter-768x432.jpg 768w, https:\/\/schopschakelaar.nl\/wp-content\/uploads\/2026\/01\/kickswitch_achter-1536x864.jpg 1536w, https:\/\/schopschakelaar.nl\/wp-content\/uploads\/2026\/01\/kickswitch_achter-600x338.jpg 600w\" sizes=\"(max-width: 1920px) 100vw, 1920px\" title=\"Schopschakelaar achterkant\" alt=\"\" \t\tclass=\"so-widget-image\"\/>\n\t<\/div>\n\n<\/div><\/div><\/div><\/div><div id=\"pg-284-1\"  class=\"panel-grid panel-no-style\" ><div id=\"pgc-284-1-0\"  class=\"panel-grid-cell\" ><div id=\"panel-284-1-0-0\" class=\"so-panel widget widget_sow-button panel-first-child panel-last-child\" data-index=\"2\" ><div\n\t\t\t\n\t\t\tclass=\"so-widget-sow-button so-widget-sow-button-flat-f47bae30ea28-284\"\n\t\t\t\n\t\t><div class=\"ow-button-base ow-button-align-right\"\n>\n\t\t\t<a\n\t\t\t\t\thref=\"https:\/\/schopschakelaar.nl\/?product=schopschakelaar\"\n\t\t\t\t\tclass=\"sowb-button ow-icon-placement-left ow-button-hover\" \t>\n\t\t<span>\n\t\t\t\n\t\t\tProduct specificaties\t\t<\/span>\n\t\t\t<\/a>\n\t<\/div>\n<\/div><\/div><\/div><\/div><div id=\"pg-284-2\"  class=\"panel-grid panel-no-style\" ><div id=\"pgc-284-2-0\"  class=\"panel-grid-cell panel-grid-cell-empty\" ><\/div><\/div><div id=\"pg-284-3\"  class=\"panel-grid panel-no-style\" ><div id=\"pgc-284-3-0\"  class=\"panel-grid-cell\" ><div id=\"panel-284-3-0-0\" class=\"so-panel widget widget_sow-editor panel-first-child panel-last-child\" data-index=\"3\" ><div\n\t\t\t\n\t\t\tclass=\"so-widget-sow-editor so-widget-sow-editor-base\"\n\t\t\t\n\t\t><h3 class=\"widget-title\">Hygi\u00ebnisch en veilig<\/h3>\n<div class=\"siteorigin-widget-tinymce textwidget\">\n\t<p>Voorkom handcontact met deurklinken en beperk de verspreiding van bacteri\u00ebn en virussen. Ideaal voor locaties waar hygi\u00ebne topprioriteit heeft.<\/p>\n<\/div>\n<\/div><\/div><\/div><div id=\"pgc-284-3-1\"  class=\"panel-grid-cell\" ><div id=\"panel-284-3-1-0\" class=\"so-panel widget widget_sow-editor panel-first-child panel-last-child\" data-index=\"4\" ><div\n\t\t\t\n\t\t\tclass=\"so-widget-sow-editor so-widget-sow-editor-base\"\n\t\t\t\n\t\t><h3 class=\"widget-title\">Robuuste kwaliteit<\/h3>\n<div class=\"siteorigin-widget-tinymce textwidget\">\n\t<p>De schakelaar is vervaardigd uit hoogwaardig RVS en bestand tegen intensief gebruik. Hij is getest op meer dan <strong>2<\/strong>.<strong>0<\/strong><span class=\"s1\"><b>00.000 schakelingen<\/b><\/span>, jarenlang probleemloos gebruik<\/p>\n<\/div>\n<\/div><\/div><\/div><div id=\"pgc-284-3-2\"  class=\"panel-grid-cell\" ><div id=\"panel-284-3-2-0\" class=\"so-panel widget widget_sow-editor panel-first-child panel-last-child\" data-index=\"5\" ><div\n\t\t\t\n\t\t\tclass=\"so-widget-sow-editor so-widget-sow-editor-base\"\n\t\t\t\n\t\t><h3 class=\"widget-title\">Eenvoudige montage<\/h3>\n<div class=\"siteorigin-widget-tinymce textwidget\">\n\t<p>Dankzij het slimme ontwerp is de montage eenvoudig en snel uit te voeren. De afmeting past ruim over een standaard inbouw contactdoos.<\/p>\n<\/div>\n<\/div><\/div><\/div><div id=\"pgc-284-3-3\"  class=\"panel-grid-cell\" ><div id=\"panel-284-3-3-0\" class=\"so-panel widget widget_sow-editor panel-first-child panel-last-child\" data-index=\"6\" ><div\n\t\t\t\n\t\t\tclass=\"so-widget-sow-editor so-widget-sow-editor-base\"\n\t\t\t\n\t\t><h3 class=\"widget-title\">Uniek: Stil in gebruik<\/h3>\n<div class=\"siteorigin-widget-tinymce textwidget\">\n\t<p>Door verbeterde geluiddemping schakelt het mechanisme vrijwel geruisloos. Stiller dan alle andere<\/p>\n<\/div>\n<\/div><\/div><\/div><\/div><\/div>","protected":false},"excerpt":{"rendered":"<p>Schopschakelaar voorkant Schopschakelaar achterkant Product specificaties Hygi\u00ebnisch en veilig Voorkom handcontact met deurklinken en beperk de verspreiding van bacteri\u00ebn en virussen. Ideaal voor locaties waar hygi\u00ebne topprioriteit heeft. Robuuste kwaliteit De schakelaar is vervaardigd uit hoogwaardig RVS en bestand tegen intensief gebruik. Hij is getest op meer dan 2.000.000 schakelingen, jarenlang probleemloos gebruik Eenvoudige montage [&hellip;]<\/p>\n","protected":false},"author":2,"featured_media":0,"parent":0,"menu_order":0,"comment_status":"closed","ping_status":"closed","template":"","meta":{"footnotes":""},"class_list":["post-284","page","type-page","status-publish","hentry","post"],"jetpack_sharing_enabled":true,"_links":{"self":[{"href":"https:\/\/schopschakelaar.nl\/index.php?rest_route=\/wp\/v2\/pages\/284","targetHints":{"allow":["GET"]}}],"collection":[{"href":"https:\/\/schopschakelaar.nl\/index.php?rest_route=\/wp\/v2\/pages"}],"about":[{"href":"https:\/\/schopschakelaar.nl\/index.php?rest_route=\/wp\/v2\/types\/page"}],"author":[{"embeddable":true,"href":"https:\/\/schopschakelaar.nl\/index.php?rest_route=\/wp\/v2\/users\/2"}],"replies":[{"embeddable":true,"href":"https:\/\/schopschakelaar.nl\/index.php?rest_route=%2Fwp%2Fv2%2Fcomments&post=284"}],"version-history":[{"count":34,"href":"https:\/\/schopschakelaar.nl\/index.php?rest_route=\/wp\/v2\/pages\/284\/revisions"}],"predecessor-version":[{"id":455,"href":"https:\/\/schopschakelaar.nl\/index.php?rest_route=\/wp\/v2\/pages\/284\/revisions\/455"}],"wp:attachment":[{"href":"https:\/\/schopschakelaar.nl\/index.php?rest_route=%2Fwp%2Fv2%2Fmedia&parent=284"}],"curies":[{"name":"wp","href":"https:\/\/api.w.org\/{rel}","templated":true}]}}